{"id":132,"date":"2024-01-10T01:02:01","date_gmt":"2024-01-10T01:02:01","guid":{"rendered":"http:\/\/fibrasil.local\/?page_id=132"},"modified":"2025-05-21T13:14:23","modified_gmt":"2025-05-21T13:14:23","slug":"politica-de-privacidade","status":"publish","type":"page","link":"https:\/\/fibrasil.uwex.tec.br\/es\/politica-de-privacidade\/","title":{"rendered":"Pol\u00edtica de privacidade e Termos de uso"},"content":{"rendered":"<h2 class=\"wp-block-heading\"><strong>Seguran\u00e7a da Informa\u00e7\u00e3o<\/strong><\/h2>\n\n\n\n<p>A FIBRASIL, uma empresa autorizada pela ANATEL a prestar o Servi\u00e7o de<strong>&nbsp;<\/strong>Comunica\u00e7\u00e3o de Multim\u00eddia \u2013 SCM, atua na presta\u00e7\u00e3o de servi\u00e7o de explora\u00e7\u00e3o industrial de rede FTTH neutra, prestando seus servi\u00e7os exclusivamente para outras empresas prestadores de servi\u00e7os SCM que a exploram industrialmente para a oferta de conex\u00e3o de dados a seus usu\u00e1rios finais.<\/p>\n\n\n\n<p>Em sua opera\u00e7\u00e3o, a FIBRASIL possui normas internas que buscam&nbsp;estabelecer condutas e procedimentos para a promo\u00e7\u00e3o da seguran\u00e7a cibern\u00e9tica em suas redes e servi\u00e7os de telecomunica\u00e7\u00f5es prestados. Essas normas devem orientar a conduta de seus empregados e dos&nbsp;<em>stakeholders<\/em>&nbsp;que se relacionam com a FIBRASIL.<\/p>\n\n\n\n<p>As a\u00e7\u00f5es da FIBRASIL para a promo\u00e7\u00e3o da Seguran\u00e7a Cibern\u00e9tica nas redes e servi\u00e7os de telecomunica\u00e7\u00f5es devem buscar assegurar os seguintes princ\u00edpios da seguran\u00e7a, legalidade, autenticidade, confidencialidade, disponibilidade, diversidade, integridade, interoperabilidade, prioridade, responsabilidade e transpar\u00eancia.<\/p>\n\n\n\n<p>Os empregados envolvidos direta ou indiretamente na gest\u00e3o ou no desenvolvimento das redes e servi\u00e7os de telecomunica\u00e7\u00f5es&nbsp;da FIBRASIL devem atuar em Seguran\u00e7a Cibern\u00e9tica observando as seguintes diretrizes:<br><\/p>\n\n\n\n<p>\u00b7&nbsp;Adotar normas e padr\u00f5es e&nbsp;refer\u00eancias de boas pr\u00e1ticas em Seguran\u00e7a Cibern\u00e9tica;<\/p>\n\n\n\n<p>\u00b7&nbsp;Atuar com responsabilidade, zelo e&nbsp;transpar\u00eancia;<\/p>\n\n\n\n<p>\u00b7&nbsp;&nbsp;Disseminar a cultura de Seguran\u00e7a Cibern\u00e9tica;<\/p>\n\n\n\n<p>\u00b7&nbsp;Buscar a utiliza\u00e7\u00e3o segura e sustent\u00e1vel das redes e servi\u00e7os de telecomunica\u00e7\u00f5es;<\/p>\n\n\n\n<p>\u00b7&nbsp;Identificar, proteger, diagnosticar, responder e recuperar de incidentes de Seguran\u00e7a Cibern\u00e9tica;<\/p>\n\n\n\n<p>\u00b7&nbsp;Empenhar esfor\u00e7os para mitigar os riscos cibern\u00e9ticos;<\/p>\n\n\n\n<p>\u00b7&nbsp;Respeitar e promover os direitos humanos e as garantias fundamentais;<\/p>\n\n\n\n<p>\u00b7\u00a0Empenhar esfor\u00e7os para que sejam adotados conceitos de\u00a0<em>security by design<\/em>\u00a0e\u00a0<em>privacy by design<\/em>\u00a0no desenvolvimento e aquisi\u00e7\u00e3o de produtos e servi\u00e7os no setor de telecomunica\u00e7\u00f5es.<br><\/p>\n\n\n\n<p>Com vistas a garantir um ambiente seguro, s\u00e3o desenvolvidos processos de capacita\u00e7\u00e3o e dissemina\u00e7\u00e3o sobre o que \u00e9 seguran\u00e7a cibern\u00e9tica, quais s\u00e3o os riscos envolvidos na opera\u00e7\u00e3o e como cada \u00e1rea e colabora\u00e7\u00e3o deve agir diante de um incidente.&nbsp;<\/p>\n\n\n\n<p>Al\u00e9m disso, h\u00e1 procedimentos e controles adotados para a identifica\u00e7\u00e3o e a an\u00e1lise das vulnerabilidades, das amea\u00e7as e dos riscos associados \u00e0&nbsp;&nbsp;Seguran\u00e7a Cibern\u00e9tica e \u00e0 continuidade dos servi\u00e7os de telecomunica\u00e7\u00f5es.<\/p>\n\n\n\n<p>S\u00e3o mapeados poss\u00edveis riscos de incidentes e de eventos que possam afetar a seguran\u00e7a do armazenamento de dados e desenvolvidos procedimentos e controles para mitigar as vulnerabilidades identificadas.<br>Al\u00e9m disso, existe um plano de resposta a incidentes.<\/p>\n\n\n\n<p>Caso voc\u00ea tenha identificado algum incidente que afete potencialmente a FIBRASIL,<br>poder\u00e1 entrar em contato por meio do e-mail <a href=\"mailto:incidentes-si@fibrasil.com.br\" target=\"_blank\" rel=\"noreferrer noopener\">incidentes-si@fibrasil.com.br<\/a>.&nbsp;<\/p>\n\n\n\n<h2 class=\"wp-block-heading\"><strong>Lei geral de prote\u00e7\u00e3o a dados<\/strong><\/h2>\n\n\n\n<p>A FIBRASIL \u00e9 uma empresa que presta seus servi\u00e7os exclusivamente para outras empresas prestadoras de servi\u00e7os SCM<br>que a exploram industrialmente para a oferta de conex\u00e3o de dados a seus usu\u00e1rios finais.<\/p>\n\n\n\n<p>Mesmo n\u00e3o prestando servi\u00e7o a usu\u00e1rios finais, caso haja atividade envolvendo algum n\u00edvel de tratamento de dados pessoais,<br>elas s\u00e3o feitas conforme&nbsp;a Lei Geral de Prote\u00e7\u00e3o de Dados Pessoais (LGPD), n\u00ba 13.709\/2018.<\/p>\n\n\n\n<p>Para mais informa\u00e7\u00f5es, acesse Pol\u00edtica de Privacidade e dos Termos de Uso da FIBRASIL.<br>Caso queira exercer algum dos direitos previstos na LGPD, ou tenha qualquer d\u00favida,<br>voc\u00ea dever\u00e1 entrar em contato conosco atrav\u00e9s do e-mail:&nbsp;<a href=\"mailto:lgpd-fibrasil@fibrasil.uwex.tec.br\">lgpd-fibrasil@fibrasil.com.br<\/a>.<\/p>\n\n\n\n<p class=\"has-text-align-center btn primary large\"><a href=\"https:\/\/fibrasil.uwex.tec.br\/wp-content\/themes\/fibrasil-theme\/doc\/politica-de-privacidade.pdf\" data-type=\"link\" data-id=\"https:\/\/drive.google.com\/file\/d\/1d5Mcn8lwB2aNaBaTAAcXsjutpRX5MO_W\/view\" target=\"_blank\" rel=\"noreferrer noopener\">sepa mas<\/a><a href=\"https:\/\/drive.google.com\/file\/d\/1d5Mcn8lwB2aNaBaTAAcXsjutpRX5MO_W\/view\" target=\"_blank\" rel=\"noreferrer noopener\"><\/a><\/p>","protected":false},"excerpt":{"rendered":"<p>Seguran\u00e7a da Informa\u00e7\u00e3o A FIBRASIL, uma empresa autorizada pela ANATEL a prestar o Servi\u00e7o de&nbsp;Comunica\u00e7\u00e3o de Multim\u00eddia \u2013 SCM, atua na presta\u00e7\u00e3o de servi\u00e7o de explora\u00e7\u00e3o industrial de rede FTTH neutra, prestando seus servi\u00e7os exclusivamente para outras empresas prestadores de servi\u00e7os SCM que a exploram industrialmente para a oferta de conex\u00e3o de dados a seus [&hellip;]<\/p>","protected":false},"author":1,"featured_media":0,"parent":0,"menu_order":0,"comment_status":"closed","ping_status":"closed","template":"page.php","meta":{"_acf_changed":false,"footnotes":""},"acf":[],"_links":{"self":[{"href":"https:\/\/fibrasil.uwex.tec.br\/es\/wp-json\/wp\/v2\/pages\/132"}],"collection":[{"href":"https:\/\/fibrasil.uwex.tec.br\/es\/wp-json\/wp\/v2\/pages"}],"about":[{"href":"https:\/\/fibrasil.uwex.tec.br\/es\/wp-json\/wp\/v2\/types\/page"}],"author":[{"embeddable":true,"href":"https:\/\/fibrasil.uwex.tec.br\/es\/wp-json\/wp\/v2\/users\/1"}],"replies":[{"embeddable":true,"href":"https:\/\/fibrasil.uwex.tec.br\/es\/wp-json\/wp\/v2\/comments?post=132"}],"version-history":[{"count":36,"href":"https:\/\/fibrasil.uwex.tec.br\/es\/wp-json\/wp\/v2\/pages\/132\/revisions"}],"predecessor-version":[{"id":921,"href":"https:\/\/fibrasil.uwex.tec.br\/es\/wp-json\/wp\/v2\/pages\/132\/revisions\/921"}],"wp:attachment":[{"href":"https:\/\/fibrasil.uwex.tec.br\/es\/wp-json\/wp\/v2\/media?parent=132"}],"curies":[{"name":"wp","href":"https:\/\/api.w.org\/{rel}","templated":true}]}}